{"id":105,"date":"2023-10-26T15:50:44","date_gmt":"2023-10-26T15:50:44","guid":{"rendered":"https:\/\/nachhilfe-villawissen.de\/?page_id=105"},"modified":"2024-02-01T19:52:05","modified_gmt":"2024-02-01T19:52:05","slug":"meine-person","status":"publish","type":"page","link":"https:\/\/nachhilfe-villawissen.de\/?page_id=105","title":{"rendered":"Meine Person"},"content":{"rendered":"<p>[vc_row][vc_column]<h2 class=\"section-title text-center\">Gisela Harbert<\/h1><h3 class=\"section-subtitle text-center\">Studienr\u00e4tin a.D.<\/h3>[vc_row_inner][vc_column_inner][vc_column_text]Ich wurde 1951 in Recklinghausen geboren. Nach meinem Abitur, meinem Lehramtsstudium an den Universit\u00e4ten M\u00fcnster und K\u00f6ln und meiner langj\u00e4hrigen T\u00e4tigkeit als Wissenschaftliche Assistentin an der Universit\u00e4t\u00a0 M\u00fcnster nahm ich 1979 meine T\u00e4tigkeit als Studienr\u00e4tin an einer Gesamtschule\u00a0 in Gelsenkirchen auf und setzte diese Lehrt\u00e4tigkeit 1992 an einem Gymnasium\u00a0 der Stadt\u00a0 Gelsenkirchen bis 2005 fort. Seit 2006 unterrichte ich privat auf der Grundlage meines Unterrichtskonzeptes in den R\u00e4umen meiner p\u00e4dagogischen\u00a0 Praxis in den F\u00e4chern Mathematik, Englisch und Deutsch.[\/vc_column_text][\/vc_column_inner][\/vc_row_inner][vc_row_inner content_placement=&#8220;middle&#8220;][vc_column_inner width=&#8220;2\/5&#8243;][vc_single_image image=&#8220;279&#8243; img_size=&#8220;600&#215;400&#8243; alignment=&#8220;center&#8220;][\/vc_column_inner][vc_column_inner width=&#8220;3\/5&#8243;][vc_column_text]<\/p>\n<p style=\"text-align: center;\">DAS\u00a0 ZIEL\u00a0 VON\u00a0 BILDUNG\u00a0 IST\u00a0 NICHT,\u00a0\u00a0 WISSEN\u00a0 ZU\u00a0 VERMEHREN, SONDERN\u00a0\u00a0 MENSCHEN\u00a0 HERVORZUBRINGEN, DIE\u00a0 F\u00c4HIG\u00a0 SIND,\u00a0 NEUES ZU TUN.<\/p>\n<p style=\"text-align: center;\">( Jean Piaget )<\/p>\n<p>[\/vc_column_text][\/vc_column_inner][\/vc_row_inner][vc_row_inner][vc_column_inner][vc_column_text]Als Lehrerin mit viel Erfahrung in unserem Schulsystem bin ich gewohnt, lateral, d.h. kreativ und l\u00f6sungsorientiert zu denken. Im Sinne systemischer L\u00f6sungen ist meine Arbeitsweise eher unkonventionell. Da es keine fertigen L\u00f6sungen gibt, ist meine Arbeit auf der Suche nach bestm\u00f6glicher Unterst\u00fctzung auf allen Ebenen gepr\u00e4gt durch fachliche und pers\u00f6nliche Herausforderungen sowie durch Offenheit, Wertsch\u00e4tzung und Kreativit\u00e4t, damit der Sch\u00fcler seine Ziele erfolgreich und mit mehr Freude und Leichtigkeit erreichen kann.[\/vc_column_text][\/vc_column_inner][\/vc_row_inner][\/vc_column][\/vc_row][vc_row content_placement=&#8220;middle&#8220;][vc_column width=&#8220;2\/3&#8243;][vc_column_text css=&#8220;.vc_custom_1698337269612{margin-top: 16px !important;}&#8220;]Ich habe Sie \u00fcberzeugt? Kontaktieren Sie mich gerne:[\/vc_column_text][\/vc_column][vc_column width=&#8220;1\/3&#8243;][vc_btn title=&#8220;zum Kontakt&#8220; color=&#8220;warning&#8220; link=&#8220;url:https%3A%2F%2Fnachhilfe-villawissen.de%2F%3Fpage_id%3D166|title:Kontakt||&#8220;][\/vc_column][\/vc_row]<\/p>\n","protected":false},"excerpt":{"rendered":"<p>[vc_row][vc_column][vc_row_inner][vc_column_inner][vc_column_text]Ich wurde 1951 in Recklinghausen geboren. Nach meinem Abitur, meinem Lehramtsstudium an den Universit\u00e4ten M\u00fcnster und K\u00f6ln und meiner langj\u00e4hrigen T\u00e4tigkeit als Wissenschaftliche Assistentin an der Universit\u00e4t\u00a0 M\u00fcnster nahm ich 1979 meine T\u00e4tigkeit als Studienr\u00e4tin an einer Gesamtschule\u00a0 in Gelsenkirchen auf und setzte diese Lehrt\u00e4tigkeit 1992 an einem Gymnasium\u00a0 der Stadt\u00a0 Gelsenkirchen bis 2005 fort. [&hellip;]<\/p>\n","protected":false},"author":1,"featured_media":0,"parent":0,"menu_order":0,"comment_status":"closed","ping_status":"closed","template":"","meta":{"footnotes":""},"_links":{"self":[{"href":"https:\/\/nachhilfe-villawissen.de\/index.php?rest_route=\/wp\/v2\/pages\/105"}],"collection":[{"href":"https:\/\/nachhilfe-villawissen.de\/index.php?rest_route=\/wp\/v2\/pages"}],"about":[{"href":"https:\/\/nachhilfe-villawissen.de\/index.php?rest_route=\/wp\/v2\/types\/page"}],"author":[{"embeddable":true,"href":"https:\/\/nachhilfe-villawissen.de\/index.php?rest_route=\/wp\/v2\/users\/1"}],"replies":[{"embeddable":true,"href":"https:\/\/nachhilfe-villawissen.de\/index.php?rest_route=%2Fwp%2Fv2%2Fcomments&post=105"}],"version-history":[{"count":19,"href":"https:\/\/nachhilfe-villawissen.de\/index.php?rest_route=\/wp\/v2\/pages\/105\/revisions"}],"predecessor-version":[{"id":305,"href":"https:\/\/nachhilfe-villawissen.de\/index.php?rest_route=\/wp\/v2\/pages\/105\/revisions\/305"}],"wp:attachment":[{"href":"https:\/\/nachhilfe-villawissen.de\/index.php?rest_route=%2Fwp%2Fv2%2Fmedia&parent=105"}],"curies":[{"name":"wp","href":"https:\/\/api.w.org\/{rel}","templated":true}]}}