{"id":20,"date":"2023-10-26T13:40:12","date_gmt":"2023-10-26T13:40:12","guid":{"rendered":"https:\/\/nachhilfe-villawissen.de\/?page_id=20"},"modified":"2023-11-05T15:03:21","modified_gmt":"2023-11-05T15:03:21","slug":"nachhilfe-villawissen","status":"publish","type":"page","link":"https:\/\/nachhilfe-villawissen.de\/","title":{"rendered":"Nachhilfe Villawissen"},"content":{"rendered":"<p>[vc_row full_width=&#8220;stretch_row_content_no_spaces&#8220; css_animation=&#8220;none&#8220;][vc_column parallax=&#8220;content-moving&#8220; parallax_image=&#8220;29&#8243; css=&#8220;.vc_custom_1698323228276{margin-top: 250px !important;}&#8220;]<div class=\"header-section-title\"><h2 class=\"section-title text-center\">Nachhilfe-Villawissen<\/h1><h3 class=\"section-subtitle text-center\">von Gisela Harbert<\/h3><\/div>[vc_empty_space height=&#8220;422px&#8220;]<a class=\"intro-scroll-down\" href=\"#\"><i class=\"flaticon-mouse\"><\/i> Entdecken Sie mehr<\/a>[\/vc_column][\/vc_row][vc_row content_placement=&#8220;middle&#8220;][vc_column width=&#8220;1\/2&#8243; css=&#8220;.vc_custom_1698324256376{margin-top: 64px !important;margin-bottom: 64px !important;padding-top: 32px !important;padding-bottom: 32px !important;}&#8220;]<h3 class=\"intro-subtitle\">JEDES WILLKOMMEN IST EINE CHANCE<\/h3><h1 class=\"intro-maintitle\">Herzlich Willkommen<\/h1>[vc_single_image image=&#8220;275&#8243; img_size=&#8220;medium&#8220; alignment=&#8220;center&#8220;][\/vc_column][vc_column width=&#8220;1\/2&#8243;][vc_column_text]<\/p>\n<p class=\"Text\">Sch\u00f6n, dass Sie sich f\u00fcr den Besuch meiner Seite entschieden haben. Willkommen zu meinem neuartigen und ungew\u00f6hnlichen Nachhilfe &#8211; Konzept. Sie suchen eine p\u00e4dagogisch erfahrene Lehrkraft, die Ihr Kind fachlich und p\u00e4dagogisch bestm\u00f6glich unterst\u00fctzen kann. Dieses ist nicht nur meine Aufgabe, sondern auch mein innerer Auftrag und Herzenswunsch.<\/p>\n<p class=\"Text\">Es ist unser gemeinsamer Wunsch, Ihr Kind \u2013 wie alt es auch immer ist \u2013 genau da zu unterst\u00fctzen, wo auch immer es Unterst\u00fctzung braucht, damit es seine Ziele erfolgreich und mit Freude und Leichtigkeit erreichen kann.<\/p>\n<p>[\/vc_column_text][vc_column_text]Ich bin Gisela Harbert, Studienr\u00e4tin a.D.<br \/>\nIch unterrichte Sch\u00fcler in den F\u00e4chern<br \/>\nMathematik, Englisch und Deutsch.<br \/>\nAu\u00dferdem unterst\u00fctze ich meine Sch\u00fcler p\u00e4dagogisch und psychologisch in allen Schulkonflikten.[\/vc_column_text][vc_row_inner content_placement=&#8220;middle&#8220;][vc_column_inner width=&#8220;1\/2&#8243;][vc_column_text css=&#8220;.vc_custom_1698332605786{margin-top: 16px !important;}&#8220;]<\/p>\n<p style=\"text-align: right;\">Kontaktieren Sie mich gerne:<\/p>\n<p>[\/vc_column_text][\/vc_column_inner][vc_column_inner width=&#8220;1\/2&#8243;][vc_btn title=&#8220;Kontakt&#8220; color=&#8220;warning&#8220; link=&#8220;url:https%3A%2F%2Fnachhilfe-villawissen.de%2F%3Fpage_id%3D166|title:Kontakt||&#8220;][\/vc_column_inner][\/vc_row_inner][vc_row_inner][vc_column_inner width=&#8220;1\/2&#8243;][vc_column_text]<\/p>\n<p style=\"text-align: right;\">Zu meiner Person:<\/p>\n<p>[\/vc_column_text][\/vc_column_inner][vc_column_inner width=&#8220;1\/2&#8243;][vc_btn title=&#8220;Meine Person&#8220; color=&#8220;warning&#8220; link=&#8220;url:https%3A%2F%2Fnachhilfe-villawissen.de%2F%3Fpage_id%3D105|title:Meine%20Person||&#8220;][\/vc_column_inner][\/vc_row_inner][\/vc_column][\/vc_row][vc_row overlay=&#8220;gradient-color&#8220; full_width=&#8220;stretch_row&#8220; parallax=&#8220;content-moving&#8220; parallax_image=&#8220;126&#8243; css=&#8220;.vc_custom_1698329696528{padding-bottom: 32px !important;}&#8220; overlay_gradient_1=&#8220;rgba(247,247,247,0.28)&#8220; overlay_gradient_2=&#8220;rgba(181,181,181,0.29)&#8220;][vc_column][vc_row_inner][vc_column_inner width=&#8220;1\/4&#8243;]<div class=\"counter-box\">\r\n\t\t<span class=\"number\"><i class=\"fa fa-clock-o\"><\/i> <span class=\"counter-up\" data-animtime=\"2000\">40<\/span><\/span>\r\n\t\t<span class=\"text\">Jahre Erfahrung<\/span>\r\n\t<\/div>[\/vc_column_inner][vc_column_inner width=&#8220;1\/4&#8243;]<div class=\"counter-box\">\r\n\t\t<span class=\"number\"><i class=\"fa fa-signal\"><\/i> <span class=\"counter-up\" data-animtime=\"2000\">2<\/span><\/span>\r\n\t\t<span class=\"text\">\u00d8 Notenverbesserung<\/span>\r\n\t<\/div>[\/vc_column_inner][vc_column_inner width=&#8220;1\/4&#8243;]<div class=\"counter-box\">\r\n\t\t<span class=\"number\"><i class=\"fa fa-pencil\"><\/i> <span class=\"counter-up\" data-animtime=\"2000\">356<\/span><\/span>\r\n\t\t<span class=\"text\">Gespitzte Stifte<\/span>\r\n\t<\/div>[\/vc_column_inner][vc_column_inner width=&#8220;1\/4&#8243;]<div class=\"counter-box\">\r\n\t\t<span class=\"number\"><i class=\"fa fa-smile-o\"><\/i> <span class=\"counter-up\" data-animtime=\"2000\">212<\/span><\/span>\r\n\t\t<span class=\"text\">L\u00e4cheln verschenkt<\/span>\r\n\t<\/div>[\/vc_column_inner][\/vc_row_inner][\/vc_column][\/vc_row][vc_row content_placement=&#8220;middle&#8220;][vc_column][vc_row_inner][vc_column_inner]<h2 class=\"section-title \">Individuelle Nachhilfe<\/h1><h3 class=\"section-subtitle \">Einzelunterricht f\u00fcr Ihre Kinder<\/h3>\r\n\t\t\t<ul class=\"portfolio-grid filtr-container column-5 clearfix\" data-filter-values='{\"all\":\"All\",\"5\":\"Mein Angebot\"}'><li class=\"media-box-1 filtr-item\" data-category=\"5\">\r\n\t\t\t\t\t<img class=\"box-bg\" src=\"https:\/\/nachhilfe-villawissen.de\/wp-content\/uploads\/2023\/10\/harber_haus_small-400x400.jpg\" alt=\"Unterrichtsort, Unterrichtsdauer und Unterrichtsfach\" \/>\r\n\t\t\t\t\t\r\n\t\t\t\t\t<div class=\"box-layer\">\r\n\t\t\t\t\t\t<div class=\"box-layer-inner\">\r\n\t\t\t\t\t\t\t<strong class=\"box-layer-title\">Unterrichtsort, Unterrichtsdauer und Unterrichtsfach<\/strong>\r\n\t\t\t\t\t\t\t\r\n\t\t\t\t\t\t\t<ul>\r\n\t\t\t\t\t\t\t\t\t<li>\r\n\t\t\t\t\t\t\t\t\t\t<a href=\"https:\/\/nachhilfe-villawissen.de\/wp-content\/uploads\/2023\/10\/harber_haus_small.jpg\" data-lightbox=\"portfolio\">\r\n\t\t\t\t\t\t\t\t\t\t\t<i class=\"flaticon-picture\"><\/i><span class=\"sr-only\">Picture<\/span>\r\n\t\t\t\t\t\t\t\t\t\t<\/a>\r\n\t\t\t\t\t\t\t\t\t<\/li>\r\n\t\t\t\t\t\t\t\t<li><a class=\"portfolio-details\" href=\"#\" data-portfolio-id=\"76\" data-target=\"#portfolio-item\" data-toggle=\"modal\"><i class=\"flaticon-sheet\"><\/i><span class=\"sr-only\">Details<\/span><\/a><\/li>\r\n\t\t\t\t\t\t\t<\/ul>\r\n\t\t\t\t\t\t<\/div>\r\n\t\t\t\t\t<\/div>\r\n\t\t\t\t<\/li><li class=\"media-box-1 filtr-item\" data-category=\"5\">\r\n\t\t\t\t\t<img class=\"box-bg\" src=\"https:\/\/nachhilfe-villawissen.de\/wp-content\/uploads\/2023\/10\/handshake-400x400.png\" alt=\"Zuverl\u00e4ssige Arbeit ohne Vertrag\" \/>\r\n\t\t\t\t\t\r\n\t\t\t\t\t<div class=\"box-layer\">\r\n\t\t\t\t\t\t<div class=\"box-layer-inner\">\r\n\t\t\t\t\t\t\t<strong class=\"box-layer-title\">Zuverl\u00e4ssige Arbeit ohne Vertrag<\/strong>\r\n\t\t\t\t\t\t\t\r\n\t\t\t\t\t\t\t<ul>\r\n\t\t\t\t\t\t\t\t\t<li>\r\n\t\t\t\t\t\t\t\t\t\t<a href=\"https:\/\/nachhilfe-villawissen.de\/wp-content\/uploads\/2023\/10\/handshake.png\" data-lightbox=\"portfolio\">\r\n\t\t\t\t\t\t\t\t\t\t\t<i class=\"flaticon-picture\"><\/i><span class=\"sr-only\">Picture<\/span>\r\n\t\t\t\t\t\t\t\t\t\t<\/a>\r\n\t\t\t\t\t\t\t\t\t<\/li>\r\n\t\t\t\t\t\t\t\t<li><a class=\"portfolio-details\" href=\"#\" data-portfolio-id=\"78\" data-target=\"#portfolio-item\" data-toggle=\"modal\"><i class=\"flaticon-sheet\"><\/i><span class=\"sr-only\">Details<\/span><\/a><\/li>\r\n\t\t\t\t\t\t\t<\/ul>\r\n\t\t\t\t\t\t<\/div>\r\n\t\t\t\t\t<\/div>\r\n\t\t\t\t<\/li><li class=\"media-box-1 filtr-item\" data-category=\"5\">\r\n\t\t\t\t\t<img class=\"box-bg\" src=\"https:\/\/nachhilfe-villawissen.de\/wp-content\/uploads\/2023\/10\/clock-400x400.png\" alt=\"Unkosten\" \/>\r\n\t\t\t\t\t\r\n\t\t\t\t\t<div class=\"box-layer\">\r\n\t\t\t\t\t\t<div class=\"box-layer-inner\">\r\n\t\t\t\t\t\t\t<strong class=\"box-layer-title\">Unkosten<\/strong>\r\n\t\t\t\t\t\t\t\r\n\t\t\t\t\t\t\t<ul>\r\n\t\t\t\t\t\t\t\t\t<li>\r\n\t\t\t\t\t\t\t\t\t\t<a href=\"https:\/\/nachhilfe-villawissen.de\/wp-content\/uploads\/2023\/10\/clock.png\" data-lightbox=\"portfolio\">\r\n\t\t\t\t\t\t\t\t\t\t\t<i class=\"flaticon-picture\"><\/i><span class=\"sr-only\">Picture<\/span>\r\n\t\t\t\t\t\t\t\t\t\t<\/a>\r\n\t\t\t\t\t\t\t\t\t<\/li>\r\n\t\t\t\t\t\t\t\t<li><a class=\"portfolio-details\" href=\"#\" data-portfolio-id=\"80\" data-target=\"#portfolio-item\" data-toggle=\"modal\"><i class=\"flaticon-sheet\"><\/i><span class=\"sr-only\">Details<\/span><\/a><\/li>\r\n\t\t\t\t\t\t\t<\/ul>\r\n\t\t\t\t\t\t<\/div>\r\n\t\t\t\t\t<\/div>\r\n\t\t\t\t<\/li><li class=\"media-box-1 filtr-item\" data-category=\"5\">\r\n\t\t\t\t\t<img class=\"box-bg\" src=\"https:\/\/nachhilfe-villawissen.de\/wp-content\/uploads\/2023\/10\/springende_kinder-400x400.png\" alt=\"Unterricht in den Ferien\" \/>\r\n\t\t\t\t\t\r\n\t\t\t\t\t<div class=\"box-layer\">\r\n\t\t\t\t\t\t<div class=\"box-layer-inner\">\r\n\t\t\t\t\t\t\t<strong class=\"box-layer-title\">Unterricht in den Ferien<\/strong>\r\n\t\t\t\t\t\t\t\r\n\t\t\t\t\t\t\t<ul>\r\n\t\t\t\t\t\t\t\t\t<li>\r\n\t\t\t\t\t\t\t\t\t\t<a href=\"https:\/\/nachhilfe-villawissen.de\/wp-content\/uploads\/2023\/10\/springende_kinder.png\" data-lightbox=\"portfolio\">\r\n\t\t\t\t\t\t\t\t\t\t\t<i class=\"flaticon-picture\"><\/i><span class=\"sr-only\">Picture<\/span>\r\n\t\t\t\t\t\t\t\t\t\t<\/a>\r\n\t\t\t\t\t\t\t\t\t<\/li>\r\n\t\t\t\t\t\t\t\t<li><a class=\"portfolio-details\" href=\"#\" data-portfolio-id=\"82\" data-target=\"#portfolio-item\" data-toggle=\"modal\"><i class=\"flaticon-sheet\"><\/i><span class=\"sr-only\">Details<\/span><\/a><\/li>\r\n\t\t\t\t\t\t\t<\/ul>\r\n\t\t\t\t\t\t<\/div>\r\n\t\t\t\t\t<\/div>\r\n\t\t\t\t<\/li>\r\n\t\t\t<\/ul>[vc_column_text css=&#8220;.vc_custom_1698329987224{margin-top: 32px !important;}&#8220;]<\/p>\n<p class=\"Text\">Der Nachhilfeunterricht geht grunds\u00e4tzlich vom aktuellen Lernstoff der Schule aus. Daher muss der Sch\u00fcler seine eigenen Schulmaterialien mitbringen. Anhand dieses Materials ist es m\u00f6glich, konkret an den aktuellen Problemen des Unterrichts anzukn\u00fcpfen, die bisherige Arbeitsmethode und den Anspruch des Lehrers zu erkennen und durch ausgew\u00e4hlte \u00dcbungen zu erg\u00e4nzen. Mithilfe vielf\u00e4ltigen weiteren \u00dcbungsmaterials erlernt der Sch\u00fcler neben dem jeweils aktuellen Lernstoff die entsprechende, h\u00e4ufig noch wenig beherrschte Arbeitstechnik. Ein fachlicher Lernerfolg ist schon nach sehr wenigen Unterrichtsstunden m\u00f6glich.<\/p>\n<p>[\/vc_column_text][\/vc_column_inner][\/vc_row_inner][\/vc_column][\/vc_row][vc_row full_width=&#8220;stretch_row&#8220; content_placement=&#8220;middle&#8220; parallax=&#8220;content-moving&#8220; parallax_image=&#8220;192&#8243;][vc_column width=&#8220;2\/3&#8243;][vc_column_text css=&#8220;.vc_custom_1698332742200{margin-top: 16px !important;}&#8220;]<\/p>\n<h3 style=\"text-align: right; color: #ffffff;\">Erfahren Sie mehr \u00fcber mein Nachhilfe-Konzept:<\/h3>\n<p>[\/vc_column_text][\/vc_column][vc_column width=&#8220;1\/3&#8243;][vc_btn title=&#8220;Konzept&#8220; color=&#8220;warning&#8220; link=&#8220;url:https%3A%2F%2Fnachhilfe-villawissen.de%2F%3Fpage_id%3D164|title:Konzept||&#8220;][\/vc_column][vc_column][vc_empty_space][\/vc_column][\/vc_row][vc_row][vc_column width=&#8220;2\/6&#8243;][vc_single_image image=&#8220;153&#8243; img_size=&#8220;450&#215;300&#8243; alignment=&#8220;center&#8220; style=&#8220;vc_box_shadow_border&#8220;][\/vc_column][vc_column width=&#8220;4\/6&#8243;][vc_column_text]<\/p>\n<h4>Zur fachlichen Arbeit geh\u00f6ren<\/h4>\n<p>[\/vc_column_text][vc_column_text]<\/p>\n<ul>\n<li>Vorbereiten auf Klassenarbeiten<\/li>\n<li>Vorbereiten auf Lernstandserhebungen<\/li>\n<li>Vorbereitung auf die Zentrale Abschlusspr\u00fcfung<\/li>\n<li>Vorbereitung auf das Abitur<\/li>\n<li>Vorbereitung auf Nachpr\u00fcfungen<\/li>\n<li>Kontrolle der Hausaufgaben<\/li>\n<\/ul>\n<p>[\/vc_column_text][\/vc_column][\/vc_row][vc_row][vc_column width=&#8220;2\/3&#8243;][vc_column_text]Der Sch\u00fcler wird ermutigt, gewohnte, unzweckm\u00e4\u00dfige Denk- und Verhaltensstrukturen zu verlassen und einen anderen Blick auf seine\u00a0 Realit\u00e4t zu werfen, weil er lernt, sich als Teil des Systems zu verstehen. Er lernt Selbstbewusstsein, Disziplin und Ordnung, Mut zum Ausdruck, fokussierte Wahrnehmung, Reflexionsf\u00e4higkeit, Konzentrationsf\u00e4higkeit, Entspannungsf\u00e4higkeit und vor allem, wie man Schw\u00e4chen in St\u00e4rken wandelt. Meine Freude an der Arbeit mit Sch\u00fclern und meine Art, Sch\u00fcler in ihrem Lernprozess zu unterst\u00fctzen, sind f\u00fcr den Sch\u00fcler eine Art Sicherungsgarantie, auf dessen Grundlage er es wagen kann, selbst weitestgehend Verantwortung f\u00fcr sein Leben zu \u00fcbernehmen.[\/vc_column_text][\/vc_column][vc_column width=&#8220;1\/3&#8243;][vc_single_image image=&#8220;154&#8243; img_size=&#8220;medium&#8220; alignment=&#8220;center&#8220; style=&#8220;vc_box_shadow_border&#8220;][\/vc_column][\/vc_row][vc_row css=&#8220;.vc_custom_1698330194667{padding-bottom: 32px !important;}&#8220;][vc_column width=&#8220;1\/3&#8243;][vc_single_image image=&#8220;156&#8243; img_size=&#8220;450&#215;300&#8243; alignment=&#8220;center&#8220; style=&#8220;vc_box_shadow_border&#8220;][\/vc_column][vc_column width=&#8220;2\/3&#8243;][vc_column_text]<\/p>\n<h4>Neben der Erweiterung fachlicher Kompetenz lernt der Sch\u00fcler an Beispielen aus seinem Schulalltag<\/h4>\n<p>[\/vc_column_text][vc_column_text]<\/p>\n<ul>\n<li>wie Lernen funktioniert,<\/li>\n<li>wie Gelerntes mit bekanntem Lernstoff vernetzt wird,<\/li>\n<li>wann Lernen leicht ist, wann es Spa\u00df macht und<\/li>\n<li>wie man Angst, Druck, Stress und Langeweile begegnen kann,<\/li>\n<li>wie man ung\u00fcnstige Lernbedingungen \u00e4ndern kann und<\/li>\n<li>wie man Schulkonflikte l\u00f6sen kann.<\/li>\n<\/ul>\n<p>[\/vc_column_text][\/vc_column][\/vc_row][vc_row overlay=&#8220;single-color&#8220; full_width=&#8220;stretch_row&#8220; parallax=&#8220;content-moving&#8220; parallax_image=&#8220;200&#8243; overlay_color=&#8220;rgba(188,188,188,0.37)&#8220;][vc_column]\n<div class=\"wpcf7 no-js\" id=\"wpcf7-f197-o1\" lang=\"de-DE\" dir=\"ltr\">\n<div class=\"screen-reader-response\"><p role=\"status\" aria-live=\"polite\" aria-atomic=\"true\"><\/p> <ul><\/ul><\/div>\n<form action=\"\/index.php?rest_route=%2Fwp%2Fv2%2Fpages%2F20#wpcf7-f197-o1\" method=\"post\" class=\"wpcf7-form init\" aria-label=\"Kontaktformular\" novalidate=\"novalidate\" data-status=\"init\">\n<div style=\"display: none;\">\n<input type=\"hidden\" name=\"_wpcf7\" value=\"197\" \/>\n<input type=\"hidden\" name=\"_wpcf7_version\" value=\"5.8.2\" \/>\n<input type=\"hidden\" name=\"_wpcf7_locale\" value=\"de_DE\" \/>\n<input type=\"hidden\" name=\"_wpcf7_unit_tag\" value=\"wpcf7-f197-o1\" \/>\n<input type=\"hidden\" name=\"_wpcf7_container_post\" value=\"0\" \/>\n<input type=\"hidden\" name=\"_wpcf7_posted_data_hash\" value=\"\" \/>\n<\/div>\n<style>\n\nlabel, td {\n font-family: Raleway;\n line-height: 30px;\n font-weight: 400;\n font-style: normal;\n font-size: 18px;\n width: 100%;\n color: #ffffff;\n}\n\ninput, textarea {\n background: #f6f6f6;\n border: none;\n font-family: Raleway;\n line-height: 30px;\n font-weight: 400;\n font-style: normal;\n font-size: 18px;\n padding: 8px;\n}\n\ntextarea {\n width: 100%;\n}\n\n.wpcf7-submit {\n color: #fff !important;\n border-color: #f90 !important;\n background-color: #f90 !important;\n border-radius: 5px !important;\n}\n\ntd {\n border: none !important;\n}\n<\/style>\n<table>\n\t<tr>\n\t\t<td>\n\t\t\t<p><label> Ihr Name<br \/>\n<span class=\"wpcf7-form-control-wrap\" data-name=\"your-name\"><input size=\"40\" class=\"wpcf7-form-control wpcf7-text wpcf7-validates-as-required\" autocomplete=\"name\" aria-required=\"true\" aria-invalid=\"false\" value=\"\" type=\"text\" name=\"your-name\" \/><\/span> <\/label>\n\t\t\t<\/p>\n\t\t<\/td>\n\t\t<td>\n\t\t\t<p><label> Ihre E-Mail-Adresse<br \/>\n<span class=\"wpcf7-form-control-wrap\" data-name=\"your-email\"><input size=\"40\" class=\"wpcf7-form-control wpcf7-email wpcf7-validates-as-required wpcf7-text wpcf7-validates-as-email\" autocomplete=\"email\" aria-required=\"true\" aria-invalid=\"false\" value=\"\" type=\"email\" name=\"your-email\" \/><\/span> <\/label>\n\t\t\t<\/p>\n\t\t<\/td>\n\t<\/tr>\n\t<tr>\n\t\t<td>\n\t\t\t<p><label> Ihre Telefonnummer<br \/>\n<span class=\"wpcf7-form-control-wrap\" data-name=\"tel-354\"><input size=\"40\" class=\"wpcf7-form-control wpcf7-tel wpcf7-validates-as-required wpcf7-text wpcf7-validates-as-tel\" aria-required=\"true\" aria-invalid=\"false\" value=\"\" type=\"tel\" name=\"tel-354\" \/><\/span> <\/label>\n\t\t\t<\/p>\n\t\t<\/td>\n\t\t<td>\n\t\t\t<p><label> Betreff<br \/>\n<span class=\"wpcf7-form-control-wrap\" data-name=\"your-subject\"><input size=\"40\" class=\"wpcf7-form-control wpcf7-text wpcf7-validates-as-required\" aria-required=\"true\" aria-invalid=\"false\" value=\"\" type=\"text\" name=\"your-subject\" \/><\/span> <\/label>\n\t\t\t<\/p>\n\t\t<\/td>\n\t<\/tr>\n\t<td colspan=\"2\">\n\t\t<p><label> Ihre Nachricht (optional)<br \/>\n<span class=\"wpcf7-form-control-wrap\" data-name=\"your-message\"><textarea cols=\"40\" rows=\"10\" class=\"wpcf7-form-control wpcf7-textarea\" aria-invalid=\"false\" name=\"your-message\"><\/textarea><\/span> <\/label>\n\t\t<\/p>\n\t<\/td>\n\t<tr>\n\t\t<td>\n\t\t\t<p><span class=\"wpcf7-form-control-wrap\" data-name=\"quiz-96\"><label><span class=\"wpcf7-quiz-label\">Wie viele Stunden hat ein Tag?<\/span> <input size=\"40\" class=\"wpcf7-form-control wpcf7-quiz\" autocomplete=\"off\" aria-required=\"true\" aria-invalid=\"false\" type=\"text\" name=\"quiz-96\" \/><\/label><input type=\"hidden\" name=\"_wpcf7_quiz_answer_quiz-96\" value=\"0adec5df8506d5bb189cf7f199e6e6d4\" \/><\/span>\n\t\t\t<\/p>\n\t\t<\/td>\n\t\t<td>\n\t\t\t<p><input class=\"wpcf7-form-control wpcf7-submit has-spinner\" type=\"submit\" value=\"Senden\" \/>\n\t\t\t<\/p>\n\t\t<\/td>\n\t<\/tr>\n<\/table><div class=\"wpcf7-response-output\" aria-hidden=\"true\"><\/div>\n<\/form>\n<\/div>\n[\/vc_column][\/vc_row]<\/p>\n","protected":false},"excerpt":{"rendered":"<p>[vc_row full_width=&#8220;stretch_row_content_no_spaces&#8220; css_animation=&#8220;none&#8220;][vc_column parallax=&#8220;content-moving&#8220; parallax_image=&#8220;29&#8243; css=&#8220;.vc_custom_1698323228276{margin-top: 250px !important;}&#8220;][vc_empty_space height=&#8220;422px&#8220;][\/vc_column][\/vc_row][vc_row content_placement=&#8220;middle&#8220;][vc_column width=&#8220;1\/2&#8243; css=&#8220;.vc_custom_1698324256376{margin-top: 64px !important;margin-bottom: 64px !important;padding-top: 32px !important;padding-bottom: 32px !important;}&#8220;][vc_single_image image=&#8220;275&#8243; img_size=&#8220;medium&#8220; alignment=&#8220;center&#8220;][\/vc_column][vc_column width=&#8220;1\/2&#8243;][vc_column_text] Sch\u00f6n, dass Sie sich f\u00fcr den Besuch meiner Seite entschieden haben. Willkommen zu meinem neuartigen und ungew\u00f6hnlichen Nachhilfe &#8211; Konzept. Sie suchen eine p\u00e4dagogisch erfahrene Lehrkraft, die Ihr Kind fachlich und [&hellip;]<\/p>\n","protected":false},"author":1,"featured_media":0,"parent":0,"menu_order":0,"comment_status":"closed","ping_status":"closed","template":"template-homepage.php","meta":{"footnotes":""},"_links":{"self":[{"href":"https:\/\/nachhilfe-villawissen.de\/index.php?rest_route=\/wp\/v2\/pages\/20"}],"collection":[{"href":"https:\/\/nachhilfe-villawissen.de\/index.php?rest_route=\/wp\/v2\/pages"}],"about":[{"href":"https:\/\/nachhilfe-villawissen.de\/index.php?rest_route=\/wp\/v2\/types\/page"}],"author":[{"embeddable":true,"href":"https:\/\/nachhilfe-villawissen.de\/index.php?rest_route=\/wp\/v2\/users\/1"}],"replies":[{"embeddable":true,"href":"https:\/\/nachhilfe-villawissen.de\/index.php?rest_route=%2Fwp%2Fv2%2Fcomments&post=20"}],"version-history":[{"count":135,"href":"https:\/\/nachhilfe-villawissen.de\/index.php?rest_route=\/wp\/v2\/pages\/20\/revisions"}],"predecessor-version":[{"id":28,"href":"https:\/\/nachhilfe-villawissen.de\/index.php?rest_route=\/wp\/v2\/pages\/20\/revisions\/28"}],"wp:attachment":[{"href":"https:\/\/nachhilfe-villawissen.de\/index.php?rest_route=%2Fwp%2Fv2%2Fmedia&parent=20"}],"curies":[{"name":"wp","href":"https:\/\/api.w.org\/{rel}","templated":true}]}}